{"id":5904,"date":"2018-05-28T11:15:10","date_gmt":"2018-05-28T09:15:10","guid":{"rendered":"http:\/\/www.koperenpasser.be\/ont3\/?page_id=5904"},"modified":"2024-01-30T09:34:02","modified_gmt":"2024-01-30T08:34:02","slug":"clubwerking","status":"publish","type":"page","link":"https:\/\/www.koperenpasser.be\/ont3\/clubwerking\/","title":{"rendered":"Clubwerking"},"content":{"rendered":"<p><u>Praktische organisatie van het beheer bij club KP O-3 Artevelde<\/u><\/p>\n<p>Club O-3 Artevelde wordt geleid door drie afgevaardigden die samen, conform het intern reglement, alle beslissingen voor de operationele werking van de club nemen. Naast een zekere polivalentie in de uit te voeren taken zijn ze elk gespecialiseerd in \u00e9\u00e9n van de volgende taken:<\/p>\n<ul>\n<li>de communicatie van\/naar de leden (nieuwsbrieven, registratie van deelname aan activiteiten, rapporten van interne vergaderingen, \u2026);<\/li>\n<li>De boekhouding, verzekering, rapporten naar de afdeling;<\/li>\n<li>De organisatie van uitstappen (vervoer, praktische regeling van de activiteiten, \u2026).<\/li>\n<\/ul>\n<p>De clubafgevaardigden wijzen een commissaris van de rekeningen aan belast met de controle van de rekeningen en de boekhouding van de club. Hij krijgt daartoe inzage van alle boekhoudkundige stukken (facturen, onkostennota\u2019s, bankafschriften, \u2026).\u00a0 Hij geeft zijn goedkeuring door mede-ondertekening van het financi\u00eble rapport van het werkingsjaar aan de afdeling.<\/p>\n<p>De clubafgevaardigden beslisten de oprichting van een website conform de richtlijnen van het intern reglement en stelden een webmaster aan die de website van de club aanvult met gegevens aangereikt door het bestuur van de club.<\/p>\n<p><u>Praktische organisatie van de uitstappen bij club KP O3-Artevelde<\/u><\/p>\n<p>Elke activiteit wordt via een nieuwsbrief persoonlijk toegezonden aan de leden uiterlijk 15 dagen v\u00f3\u00f3r de activiteit. De nieuwsbrief wordt ook gepubliceerd op onze website. Leden die door omstandigheden (panne PC, verlof, \u2026) de betreffende nieuwsbrief niet tijdig ontvangen worden verzocht om de nieuwsbrief op onze website te raadplegen of om zelf contact op te nemen met \u00e9\u00e9n van de clubafgevaardigden (telefonisch of per e-mail) om de details van de nieuwsbrief op te vragen.<\/p>\n<p>Alle correspondentie met de clubleiding wordt steeds gericht aan <strong><a href=\"mailto:ca@kp-artevelde.be\">ca@kp-artevelde.be<\/a><\/strong>. Met dit adres bereikt men de drie clubafgevaardigden en vermijdt men het niet noteren of doorgeven van een melding wegens afwezigheid of ziekte van \u00e9\u00e9n van hen.<\/p>\n<p>Voor een degelijke organisatie van een activiteit (autobus, gidsen, restaurant, \u2026) is het <strong>cruciaal<\/strong> dat de clubafgevaardigden v\u00f3\u00f3r of op de in de nieuwsbrief vermelde tijdslimiet verwittigd worden van deelname of niet-deelname (per e-mail of telefoon) en dat de bijdrage v\u00f3\u00f3r of op die tijdslimiet gestort wordt. Het niet respecteren van deze tijdslimiet kan leiden tot het niet aanvaarden van de aanvraag voor deelneming (met uiteraard de terugbetaling van de eventueel gestorte bijdrage).<\/p>\n<p>Bij annulering van een reeds betaalde deelneming v\u00f3\u00f3r of op die tijdslimiet volgt er een 100% terugbetaling. Na die datum, tot op 5 dagen v\u00f3\u00f3r de datum van de activiteit, is er een terugbetaling van het recupereerbaar gedeelte van de bijdrage. Kunnen niet terugbetaald worden zijn bv. de deelname in de kosten voor de bus, gidsen, en betalingen die voorafgaandelijk vereist werden en niet kunnen terugge\u00ebist worden. In sommige gevallen is dit ook het geval voor de restaurantkosten.<\/p>\n","protected":false},"excerpt":{"rendered":"<p>Praktische organisatie van het beheer bij club KP O-3 Artevelde Club O-3 Artevelde wordt geleid door drie afgevaardigden die samen, conform het intern reglement, alle<\/p>\n","protected":false},"author":1745,"featured_media":0,"parent":0,"menu_order":0,"comment_status":"closed","ping_status":"closed","template":"","meta":{"footnotes":""},"_links":{"self":[{"href":"https:\/\/www.koperenpasser.be\/ont3\/wp-json\/wp\/v2\/pages\/5904"}],"collection":[{"href":"https:\/\/www.koperenpasser.be\/ont3\/wp-json\/wp\/v2\/pages"}],"about":[{"href":"https:\/\/www.koperenpasser.be\/ont3\/wp-json\/wp\/v2\/types\/page"}],"author":[{"embeddable":true,"href":"https:\/\/www.koperenpasser.be\/ont3\/wp-json\/wp\/v2\/users\/1745"}],"replies":[{"embeddable":true,"href":"https:\/\/www.koperenpasser.be\/ont3\/wp-json\/wp\/v2\/comments?post=5904"}],"version-history":[{"count":7,"href":"https:\/\/www.koperenpasser.be\/ont3\/wp-json\/wp\/v2\/pages\/5904\/revisions"}],"predecessor-version":[{"id":7637,"href":"https:\/\/www.koperenpasser.be\/ont3\/wp-json\/wp\/v2\/pages\/5904\/revisions\/7637"}],"wp:attachment":[{"href":"https:\/\/www.koperenpasser.be\/ont3\/wp-json\/wp\/v2\/media?parent=5904"}],"curies":[{"name":"wp","href":"https:\/\/api.w.org\/{rel}","templated":true}]}}