{"id":2,"date":"2011-11-04T14:40:38","date_gmt":"2011-11-04T14:40:38","guid":{"rendered":"http:\/\/www.koperenpasser.be\/w1nt781718\/?page_id=2"},"modified":"2025-09-14T20:30:35","modified_gmt":"2025-09-14T18:30:35","slug":"home","status":"publish","type":"page","link":"https:\/\/www.koperenpasser.be\/w1nt20\/","title":{"rendered":"Welkom"},"content":{"rendered":"<p>Welkom op de website van <strong><span style=\"color: #ff0000\">Koperen Passer Damast Kortrijk<\/span><\/strong><\/p>\n<p>Koperen Passer vzw is een culturele vereniging voor heren.<br \/>\nVolgens Art.3 uit de statuten:<\/p>\n<p><em>Koperen Passer wil de onderlinge solidariteit en de vriendschapsbanden tussen de leden en de toegevoegde leden bevorderen via een brede waaier aan activiteiten. Om deze doelstelling te realiseren worden diverse activiteiten georganiseerd zoals bezoeken aan musea, bedrijven, organisaties en instellingen.<\/em><\/p>\n<p>Koperen Passer vzw heeft een 80-tal clubs verspreid over de Vlaamse provincies.<\/p>\n<p>Koperen Passer <strong>Damast<\/strong> <strong>Kortrijk<\/strong> is &#8220;Club W1-20&#8221; en\u00a0is ontstaan uit de Koperen Passer Leievallei Kortrijk.<\/p>\n<p><strong>Damast Kortrijk <\/strong>organiseert <strong>10 maandelijkse uitstappen. <\/strong>Een werkjaar loopt van september tot juni. De uitstappen duren een ganse dag en worden normaliter gepland op de <span style=\"text-decoration: underline\">3de dinsdag van de maand<\/span>.<br \/>\nDaarbij wordt \u00e9\u00e9n activiteit in de voormiddag en \u00e9\u00e9n activiteit in de namiddag gepland. Op de middag hoort daar een gezellige lunch bij.<\/p>\n<p>Transport gebeurt naar gelang de bestemming met de bus, trein of eigen vervoer (carpooling).<br \/>\nDe kostprijs van de daguitstap houden we democratisch laag. Deze ligt tussen \u20ac50,00 en \u20ac70,00 per persoon, &#8220;all in&#8221;. Uitzonderlijk kan hiervan afgeweken worden.<br \/>\nWe evalueren onze ervaringen, centraliseren ze en wisselen deze uit met andere afdelingen.\u00a0 Zo is er een constante bron van informatie beschikbaar voor de lokale clubverantwoordelijken.<\/p>\n<p><strong>Eind augustus<\/strong> houden wij voor de leden een <strong>infovergadering<\/strong> waarop wij de werking van het bestuur en het programma van het nieuwe werkjaar toelichten.<\/p>\n<h3><span style=\"color: #000080\">Heb je zin om lid te worden<\/span><\/h3>\n<p>en wil je deelnemen aan onze activiteiten, klik dan op <strong><a href=\"http:\/\/www.koperenpasser.be\/lid-worden\/\" target=\"_blank\" rel=\"noopener noreferrer\">Ik wil lid worden<\/a><\/strong><span style=\"font-weight: 400\">.<br \/>\nVul het formulier in <\/span><span style=\"font-weight: 400\">en klik onderaan op &#8216;Verzenden&#8217;.<\/span><\/p>\n<p><span style=\"font-weight: 400\">Je aanvraag wordt verzonden naar het secretariaat van Koperen Passer vzw.<br \/>\n<\/span><span style=\"font-weight: 400\"><span style=\"font-size: 1rem\">Zij nemen zo spoedig mogelijk contact met je op.<\/span><\/span><\/p>\n<h4><strong>Kleine greep uit de activiteiten van het werkjaar 2025-2026<\/strong><\/h4>\n<p>Le Bois du Cazier, Wienerberger, Art Deco wandeling Ronse, Achter de schermen van carnaval Aalst, Biostroom Oostende, Nationale Bank en BELvue museum, Zonneberg Evergem, Mariemont museum + domein, Vloethemveld Zedelgem&#8230;<\/p>\n","protected":false},"excerpt":{"rendered":"<p>Welkom op de website van Koperen Passer Damast Kortrijk Koperen Passer vzw is een culturele vereniging voor heren. Volgens Art.3 uit de statuten: Koperen Passer<\/p>\n","protected":false},"author":1,"featured_media":0,"parent":0,"menu_order":0,"comment_status":"closed","ping_status":"closed","template":"","meta":{"footnotes":""},"_links":{"self":[{"href":"https:\/\/www.koperenpasser.be\/w1nt20\/wp-json\/wp\/v2\/pages\/2"}],"collection":[{"href":"https:\/\/www.koperenpasser.be\/w1nt20\/wp-json\/wp\/v2\/pages"}],"about":[{"href":"https:\/\/www.koperenpasser.be\/w1nt20\/wp-json\/wp\/v2\/types\/page"}],"author":[{"embeddable":true,"href":"https:\/\/www.koperenpasser.be\/w1nt20\/wp-json\/wp\/v2\/users\/1"}],"replies":[{"embeddable":true,"href":"https:\/\/www.koperenpasser.be\/w1nt20\/wp-json\/wp\/v2\/comments?post=2"}],"version-history":[{"count":56,"href":"https:\/\/www.koperenpasser.be\/w1nt20\/wp-json\/wp\/v2\/pages\/2\/revisions"}],"predecessor-version":[{"id":9548,"href":"https:\/\/www.koperenpasser.be\/w1nt20\/wp-json\/wp\/v2\/pages\/2\/revisions\/9548"}],"wp:attachment":[{"href":"https:\/\/www.koperenpasser.be\/w1nt20\/wp-json\/wp\/v2\/media?parent=2"}],"curies":[{"name":"wp","href":"https:\/\/api.w.org\/{rel}","templated":true}]}}